{"id":5194,"date":"2023-02-01T16:23:32","date_gmt":"2023-02-01T16:23:32","guid":{"rendered":"https:\/\/avadawebsites.wpengine.com\/life-coach\/?page_id=5"},"modified":"2024-03-26T18:10:13","modified_gmt":"2024-03-26T18:10:13","slug":"home","status":"publish","type":"page","link":"https:\/\/growthmentality.no\/","title":{"rendered":"Hjem"},"content":{"rendered":"<p><div class=\"fusion-fullwidth fullwidth-box fusion-builder-row-1 fusion-flex-container has-pattern-background has-mask-background fusion-parallax-none hundred-percent-fullwidth non-hundred-percent-height-scrolling\" style=\"--awb-border-radius-top-left:0px;--awb-border-radius-top-right:0px;--awb-border-radius-bottom-right:0px;--awb-border-radius-bottom-left:0px;--awb-padding-right:0px;--awb-padding-left:0px;--awb-background-color:var(--awb-color1);--awb-background-image:url(&quot;https:\/\/growthmentality.no\/wp-content\/uploads\/2023\/02\/hero-graphic-2.svg&quot;);--awb-background-size:cover;--awb-flex-wrap:wrap;\" data-preload-img=\"https:\/\/growthmentality.no\/wp-content\/uploads\/2023\/02\/hero-graphic-2.svg\" ><div class=\"fusion-builder-row fusion-row fusion-flex-align-items-stretch fusion-flex-content-wrap\" style=\"width:calc( 100% + 0px ) !important;max-width:calc( 100% + 0px ) !important;margin-left: calc(-0px \/ 2 );margin-right: calc(-0px \/ 2 );\"><div class=\"fusion-layout-column fusion_builder_column fusion-builder-column-0 fusion-flex-column fusion-animated\" style=\"--awb-padding-top:90px;--awb-padding-right:90px;--awb-padding-bottom:90px;--awb-padding-left:20%;--awb-padding-top-small:60px;--awb-padding-right-small:60px;--awb-padding-bottom-small:60px;--awb-padding-left-small:60px;--awb-bg-size:cover;--awb-width-large:45%;--awb-margin-top-large:0px;--awb-spacing-right-large:0px;--awb-margin-bottom-large:0px;--awb-spacing-left-large:0px;--awb-width-medium:100%;--awb-order-medium:0;--awb-spacing-right-medium:0px;--awb-spacing-left-medium:0px;--awb-width-small:100%;--awb-order-small:0;--awb-spacing-right-small:0px;--awb-spacing-left-small:0px;\" data-animationType=\"fadeInLeft\" data-animationDuration=\"0.6\" data-animationOffset=\"top-into-view\"><div class=\"fusion-column-wrapper fusion-column-has-shadow fusion-flex-justify-content-flex-start fusion-content-layout-column\"><div class=\"fusion-title title fusion-title-1 fusion-sep-none fusion-title-text fusion-title-size-one\" style=\"--awb-margin-top:0px;--awb-margin-bottom:20px;--awb-margin-top-small:0px;\"><h1 class=\"fusion-title-heading title-heading-left\" style=\"margin:0;\">Troen p\u00e5 selvutvikling<\/h1><\/div><div class=\"fusion-text fusion-text-1 fusion-text-no-margin\" style=\"--awb-text-color:var(--awb-color6);--awb-margin-right:15%;--awb-margin-bottom:60px;\"><p>Mentalitet kan nemlig trenes, akkurat som du ville trent kondisjon eller styrketrening. <\/p>\n<\/div><div ><a class=\"fusion-button button-flat fusion-button-default-size button-custom fusion-button-default button-1 fusion-button-default-span fusion-button-default-type\" style=\"--button_accent_color:var(--awb-color1);--button_accent_hover_color:var(--awb-color1);--button_border_hover_color:var(--awb-color1);--button_gradient_top_color:var(--awb-color7);--button_gradient_bottom_color:var(--awb-color7);--button_gradient_top_color_hover:var(--awb-color5);--button_gradient_bottom_color_hover:var(--awb-color5);--button_text_transform:var(--awb-typography3-text-transform);--button_font_size:17px;--button_line_height:var(--awb-typography3-line-height);--button_padding-top:23px;--button_padding-right:35px;--button_padding-bottom:23px;--button_padding-left:35px;--button_typography-letter-spacing:var(--awb-typography3-letter-spacing);--button_typography-font-family:var(--awb-typography3-font-family);--button_typography-font-weight:var(--awb-typography3-font-weight);--button_typography-font-style:var(--awb-typography3-font-style);\" target=\"_self\" href=\"https:\/\/growthmentality.no\/index.php\/ommeg\/\"><span class=\"fusion-button-text\">L\u00e6r mer om meg<\/span><\/a><\/div><\/div><\/div><div class=\"fusion-layout-column fusion_builder_column fusion-builder-column-1 fusion-flex-column fusion-animated\" style=\"--awb-bg-position:center center;--awb-bg-size:cover;--awb-width-large:55%;--awb-margin-top-large:0px;--awb-spacing-right-large:0px;--awb-margin-bottom-large:0px;--awb-spacing-left-large:0px;--awb-width-medium:100%;--awb-order-medium:1;--awb-spacing-right-medium:0px;--awb-spacing-left-medium:0px;--awb-width-small:100%;--awb-order-small:1;--awb-spacing-right-small:0px;--awb-spacing-left-small:0px;\" data-animationType=\"fadeInRight\" data-animationDuration=\"0.9\" data-animationOffset=\"top-into-view\"><div class=\"fusion-column-wrapper lazyload fusion-column-has-shadow fusion-flex-justify-content-flex-end fusion-content-layout-column fusion-column-has-bg-image\" data-bg-url=\"https:\/\/growthmentality.no\/wp-content\/uploads\/2024\/02\/bilde3-1.png\" data-bg=\"https:\/\/growthmentality.no\/wp-content\/uploads\/2024\/02\/bilde3-1.png\"><div class=\"fusion-separator fusion-no-large-visibility fusion-full-width-sep\" style=\"align-self: center;margin-left: auto;margin-right: auto;margin-bottom:12vw;width:100%;\"><\/div><\/div><\/div><\/div><\/div><div class=\"fusion-fullwidth fullwidth-box fusion-builder-row-2 fusion-flex-container has-pattern-background has-mask-background nonhundred-percent-fullwidth non-hundred-percent-height-scrolling\" style=\"--awb-border-radius-top-left:0px;--awb-border-radius-top-right:0px;--awb-border-radius-bottom-right:0px;--awb-border-radius-bottom-left:0px;--awb-padding-top:52px;--awb-padding-bottom:0px;--awb-padding-top-small:72px;--awb-margin-top:0px;--awb-margin-bottom:29px;--awb-background-color:var(--awb-custom_color_1);--awb-flex-wrap:wrap;\" ><div class=\"fusion-builder-row fusion-row fusion-flex-align-items-stretch fusion-flex-content-wrap\" style=\"max-width:1248px;margin-left: calc(-4% \/ 2 );margin-right: calc(-4% \/ 2 );\"><div class=\"fusion-layout-column fusion_builder_column fusion-builder-column-2 fusion_builder_column_1_1 1_1 fusion-flex-column\" style=\"--awb-bg-size:cover;--awb-width-large:100%;--awb-margin-top-large:0px;--awb-spacing-right-large:1.92%;--awb-margin-bottom-large:20px;--awb-spacing-left-large:1.92%;--awb-width-medium:100%;--awb-order-medium:0;--awb-spacing-right-medium:1.92%;--awb-spacing-left-medium:1.92%;--awb-width-small:100%;--awb-order-small:0;--awb-spacing-right-small:1.92%;--awb-spacing-left-small:1.92%;\"><div class=\"fusion-column-wrapper fusion-column-has-shadow fusion-flex-justify-content-flex-start fusion-content-layout-column\"><div class=\"fusion-text fusion-text-2\" style=\"--awb-text-color:var(--awb-color7);\"><h2 class=\"fusion-responsive-typography-calculated\" style=\"--fontsize: 42; line-height: 1.2;\" data-fontsize=\"42\" data-lineheight=\"50.4px\"><\/h2>\n<\/div><\/div><\/div><\/div><\/div><div class=\"fusion-fullwidth fullwidth-box fusion-builder-row-3 fusion-flex-container has-pattern-background has-mask-background nonhundred-percent-fullwidth non-hundred-percent-height-scrolling\" style=\"--awb-border-radius-top-left:0px;--awb-border-radius-top-right:0px;--awb-border-radius-bottom-right:0px;--awb-border-radius-bottom-left:0px;--awb-flex-wrap:wrap;\" ><div class=\"fusion-builder-row fusion-row fusion-flex-align-items-flex-start fusion-flex-content-wrap\" style=\"max-width:1248px;margin-left: calc(-4% \/ 2 );margin-right: calc(-4% \/ 2 );\"><div class=\"fusion-layout-column fusion_builder_column fusion-builder-column-3 fusion_builder_column_1_3 1_3 fusion-flex-column\" style=\"--awb-bg-size:cover;--awb-width-large:33.333333333333%;--awb-margin-top-large:0px;--awb-spacing-right-large:5.76%;--awb-margin-bottom-large:20px;--awb-spacing-left-large:5.76%;--awb-width-medium:33.333333333333%;--awb-order-medium:0;--awb-spacing-right-medium:5.76%;--awb-spacing-left-medium:5.76%;--awb-width-small:100%;--awb-order-small:0;--awb-spacing-right-small:1.92%;--awb-spacing-left-small:1.92%;\"><div class=\"fusion-column-wrapper fusion-column-has-shadow fusion-flex-justify-content-flex-start fusion-content-layout-column\"><div class=\"fusion-image-element \" style=\"--awb-caption-title-font-family:var(--h2_typography-font-family);--awb-caption-title-font-weight:var(--h2_typography-font-weight);--awb-caption-title-font-style:var(--h2_typography-font-style);--awb-caption-title-size:var(--h2_typography-font-size);--awb-caption-title-transform:var(--h2_typography-text-transform);--awb-caption-title-line-height:var(--h2_typography-line-height);--awb-caption-title-letter-spacing:var(--h2_typography-letter-spacing);\"><span class=\" fusion-imageframe imageframe-none imageframe-1 hover-type-none\"><img decoding=\"async\" width=\"500\" height=\"500\" title=\"Hva\" src=\"https:\/\/growthmentality.no\/wp-content\/uploads\/2024\/03\/Hva.png\" data-orig-src=\"https:\/\/growthmentality.no\/wp-content\/uploads\/2024\/03\/Hva.png\" alt class=\"lazyload img-responsive wp-image-5502\" srcset=\"data:image\/svg+xml,%3Csvg%20xmlns%3D%27http%3A%2F%2Fwww.w3.org%2F2000%2Fsvg%27%20width%3D%27500%27%20height%3D%27500%27%20viewBox%3D%270%200%20500%20500%27%3E%3Crect%20width%3D%27500%27%20height%3D%27500%27%20fill-opacity%3D%220%22%2F%3E%3C%2Fsvg%3E\" data-srcset=\"https:\/\/growthmentality.no\/wp-content\/uploads\/2024\/03\/Hva-200x200.png 200w, https:\/\/growthmentality.no\/wp-content\/uploads\/2024\/03\/Hva-400x400.png 400w, https:\/\/growthmentality.no\/wp-content\/uploads\/2024\/03\/Hva.png 500w\" data-sizes=\"auto\" data-orig-sizes=\"(max-width: 640px) 100vw, 400px\" \/><\/span><\/div><\/div><\/div><div class=\"fusion-layout-column fusion_builder_column fusion-builder-column-4 fusion_builder_column_2_3 2_3 fusion-flex-column\" style=\"--awb-bg-size:cover;--awb-width-large:66.666666666667%;--awb-margin-top-large:0px;--awb-spacing-right-large:2.88%;--awb-margin-bottom-large:20px;--awb-spacing-left-large:2.88%;--awb-width-medium:66.666666666667%;--awb-order-medium:0;--awb-spacing-right-medium:2.88%;--awb-spacing-left-medium:2.88%;--awb-width-small:100%;--awb-order-small:0;--awb-spacing-right-small:1.92%;--awb-spacing-left-small:1.92%;\"><div class=\"fusion-column-wrapper fusion-column-has-shadow fusion-flex-justify-content-flex-start fusion-content-layout-column\"><div class=\"fusion-title title fusion-title-2 fusion-sep-none fusion-title-center fusion-title-text fusion-title-size-three\"><h3 class=\"fusion-title-heading title-heading-center\" style=\"margin:0;\"><h1>Hvorfor mental trening?<\/h1><\/h3><\/div><div class=\"fusion-text fusion-text-3\" style=\"--awb-content-alignment:center;--awb-text-color:var(--awb-color7);\"><p>Det er mange komponenter som spiller en rolle for hvordan vi har det. Enkelte ting er utenfor v\u00e5r kontroll, men det er ogs\u00e5 s\u00e5 utrolig mye vi f\u00e5r gjort noe med! Mindset handler om m\u00e5ten vi tenker p\u00e5, og er en av tingene vi kan trene p\u00e5. Vi kan trene opp evnen til \u00e5 forholde oss til det som er utenfor v\u00e5r kontroll. Vi kan ogs\u00e5 trene p\u00e5 m\u00e5ten vi snakker til oss selv, m\u00e5ten vi h\u00e5ndterer stress, m\u00e5ten vi reagerer p\u00e5 motgang p\u00e5 og hvordan vi presterer. Det handler om \u00e5 v\u00e6re bevisst p\u00e5 \u00e5 utvikle seg p\u00e5 en god m\u00e5te. Faktisk utvikler vi oss hele tiden. Alt vi har rundt oss vil stadig skape reaksjoner, tanker og f\u00f8lelser. Det vil farge v\u00e5re perspektiver. Hva vi omgir oss med og p\u00e5virkes av spiller en kjempestor rolle. Hvis vi ikke tenker over det, og autopiloten f\u00e5r frie t\u00f8yler, har vi ingen kontroll over hvilken retning vi utvikler oss i. Mental trening er derfor viktig for alle. Vi kan tilegne oss det vi \u00f8nsker av b\u00e5de ferdigheter, egenskaper, intelligens og tankesett. <span style=\"color: var(--awb-text-color); font-family: var(--awb-text-font-family); font-size: var(--awb-font-size); font-style: var(--awb-text-font-style); font-weight: var(--awb-text-font-weight); letter-spacing: var(--awb-letter-spacing); text-align: var(--awb-content-alignment); text-transform: var(--awb-text-transform); background-color: var(--awb-bg-color-hover);\">Det spiller ingen rolle hvor vi har v\u00e6rt f\u00f8r. Det eneste som spiller en rolle er hvor vi \u00f8nsker \u00e5 ende opp, og om vi er p\u00e5 veg dit n\u00e5.<\/span><\/p>\n<p><span style=\"color: var(--awb-text-color); font-family: var(--awb-text-font-family); font-size: var(--awb-font-size); font-style: var(--awb-text-font-style); font-weight: var(--awb-text-font-weight); letter-spacing: var(--awb-letter-spacing); text-align: var(--awb-content-alignment); text-transform: var(--awb-text-transform); background-color: var(--awb-bg-color-hover);\">Noen ganger gjennom livet vil hverdagen oppleves utfordrende. Vi kan oppleve en h\u00e5pl\u00f8shet, at vi drukner i stress, sliter med \u00e5 man\u00f8vrere hverdagen, sover d\u00e5rlig, har kanskje ikke den beste selvf\u00f8lelsen, eller hverdagen kan rett og slett f\u00f8les meningsl\u00f8s. \u00d8nsker vi endring m\u00e5 vi finne ut av hva det handler om. Ta kontroll over autopiloten<\/span><span style=\"background-color: var(--awb-bg-color-hover); color: var(--awb-text-color); font-family: var(--awb-text-font-family); font-size: var(--awb-font-size); font-style: var(--awb-text-font-style); font-weight: var(--awb-text-font-weight); letter-spacing: var(--awb-letter-spacing); text-align: var(--awb-content-alignment); text-transform: var(--awb-text-transform);\">. Med mental trening kan vi ogs\u00e5 forebygge \u00e5 havne i slike situasjoner. Det gj\u00f8r at vi er mer robuste og motstandsdyktige, bedre i stand til \u00e5 ta gode og meningsfulle valg for oss selv, og gi oss mer frihet og glede. Mental trening har ogs\u00e5 vist seg \u00e5 gi bedre selvtillit og \u00f8kt f\u00f8lelse av trygghet i eget liv.<\/span><\/p>\n<\/div><\/div><\/div><\/div><\/div><div class=\"fusion-fullwidth fullwidth-box fusion-builder-row-4 fusion-flex-container has-pattern-background has-mask-background nonhundred-percent-fullwidth non-hundred-percent-height-scrolling\" style=\"--awb-border-radius-top-left:0px;--awb-border-radius-top-right:0px;--awb-border-radius-bottom-right:0px;--awb-border-radius-bottom-left:0px;--awb-flex-wrap:wrap;\" ><div class=\"fusion-builder-row fusion-row fusion-flex-align-items-flex-start fusion-flex-content-wrap\" style=\"max-width:1248px;margin-left: calc(-4% \/ 2 );margin-right: calc(-4% \/ 2 );\"><div class=\"fusion-layout-column fusion_builder_column fusion-builder-column-5 fusion_builder_column_1_3 1_3 fusion-flex-column\" style=\"--awb-bg-size:cover;--awb-width-large:33.333333333333%;--awb-margin-top-large:0px;--awb-spacing-right-large:5.76%;--awb-margin-bottom-large:20px;--awb-spacing-left-large:5.76%;--awb-width-medium:33.333333333333%;--awb-order-medium:0;--awb-spacing-right-medium:5.76%;--awb-spacing-left-medium:5.76%;--awb-width-small:100%;--awb-order-small:0;--awb-spacing-right-small:1.92%;--awb-spacing-left-small:1.92%;\"><div class=\"fusion-column-wrapper fusion-column-has-shadow fusion-flex-justify-content-flex-start fusion-content-layout-column\"><div class=\"fusion-image-element \" style=\"--awb-caption-title-font-family:var(--h2_typography-font-family);--awb-caption-title-font-weight:var(--h2_typography-font-weight);--awb-caption-title-font-style:var(--h2_typography-font-style);--awb-caption-title-size:var(--h2_typography-font-size);--awb-caption-title-transform:var(--h2_typography-text-transform);--awb-caption-title-line-height:var(--h2_typography-line-height);--awb-caption-title-letter-spacing:var(--h2_typography-letter-spacing);\"><span class=\" fusion-imageframe imageframe-none imageframe-2 hover-type-none\"><img decoding=\"async\" width=\"1080\" height=\"1080\" title=\"Forskjellen pa\u030a hvor du er, og hvor du vil &#8211; er hva du gj\u00f8r\" src=\"https:\/\/growthmentality.no\/wp-content\/uploads\/2024\/03\/Forskjellen-pa-hvor-du-er-og-hvor-du-vil-er-hva-du-gjor.png\" data-orig-src=\"https:\/\/growthmentality.no\/wp-content\/uploads\/2024\/03\/Forskjellen-pa-hvor-du-er-og-hvor-du-vil-er-hva-du-gjor.png\" alt class=\"lazyload img-responsive wp-image-5465\" srcset=\"data:image\/svg+xml,%3Csvg%20xmlns%3D%27http%3A%2F%2Fwww.w3.org%2F2000%2Fsvg%27%20width%3D%271080%27%20height%3D%271080%27%20viewBox%3D%270%200%201080%201080%27%3E%3Crect%20width%3D%271080%27%20height%3D%271080%27%20fill-opacity%3D%220%22%2F%3E%3C%2Fsvg%3E\" data-srcset=\"https:\/\/growthmentality.no\/wp-content\/uploads\/2024\/03\/Forskjellen-pa-hvor-du-er-og-hvor-du-vil-er-hva-du-gjor-200x200.png 200w, https:\/\/growthmentality.no\/wp-content\/uploads\/2024\/03\/Forskjellen-pa-hvor-du-er-og-hvor-du-vil-er-hva-du-gjor-400x400.png 400w, https:\/\/growthmentality.no\/wp-content\/uploads\/2024\/03\/Forskjellen-pa-hvor-du-er-og-hvor-du-vil-er-hva-du-gjor-600x600.png 600w, https:\/\/growthmentality.no\/wp-content\/uploads\/2024\/03\/Forskjellen-pa-hvor-du-er-og-hvor-du-vil-er-hva-du-gjor-800x800.png 800w, https:\/\/growthmentality.no\/wp-content\/uploads\/2024\/03\/Forskjellen-pa-hvor-du-er-og-hvor-du-vil-er-hva-du-gjor.png 1080w\" data-sizes=\"auto\" data-orig-sizes=\"(max-width: 640px) 100vw, 400px\" \/><\/span><\/div><\/div><\/div><div class=\"fusion-layout-column fusion_builder_column fusion-builder-column-6 fusion_builder_column_2_3 2_3 fusion-flex-column\" style=\"--awb-bg-size:cover;--awb-width-large:66.666666666667%;--awb-margin-top-large:0px;--awb-spacing-right-large:2.88%;--awb-margin-bottom-large:20px;--awb-spacing-left-large:2.88%;--awb-width-medium:66.666666666667%;--awb-order-medium:0;--awb-spacing-right-medium:2.88%;--awb-spacing-left-medium:2.88%;--awb-width-small:100%;--awb-order-small:0;--awb-spacing-right-small:1.92%;--awb-spacing-left-small:1.92%;\"><div class=\"fusion-column-wrapper fusion-column-has-shadow fusion-flex-justify-content-flex-start fusion-content-layout-column\"><div class=\"fusion-text fusion-text-4\"><h1 style=\"text-align: center; font-size: 36px; --fontSize: 36; line-height: 1.2;\" data-fusion-font=\"true\" data-fontsize=\"36\" data-lineheight=\"43.2px\" class=\"fusion-responsive-typography-calculated\">\u00c5 f\u00e5 til endring krever refleksjon etterfulgt av handling<\/h1>\n<p style=\"text-align: center; color: var(--awb-color6);\">Vi leter ofte etter &laquo;quickfixen&raquo; som kan gi oss svaret eller l\u00f8sningen p\u00e5 det vi lurer p\u00e5 eller har utfordringer med. Men den finnes jo ikke. Alt som foreg\u00e5r inne i oss, er det jo ingen andre som kan vite svaret p\u00e5. Derfor er det s\u00e5 viktig \u00e5 reflektere over og lete etter svar inne i oss selv. Den eneste m\u00e5ten \u00e5 l\u00f8se et problem p\u00e5, er \u00e5 ta det ved rota, selv om det kan v\u00e6re riktig s\u00e5 ubehagelig.<\/p>\n<p style=\"text-align: center; color: var(--awb-color6);\">HVA vil du?<\/p>\n<p style=\"text-align: center; color: var(--awb-color6);\">HVORDAN skal du f\u00e5 det til?<\/p>\n<p style=\"text-align: center; color: var(--awb-color6);\">HVORFOR vil du dette?<\/p>\n<p style=\"text-align: center; color: var(--awb-color6);\">Refleksjon krever \u00e5 v\u00e6re helt \u00e6rlig med deg selv. Hvis du virkelig vil ha endring til det bedre vil det kreve \u00e5 se og st\u00e5 i de tingene du ikke er forn\u00f8yd med. Snur du det andre kinnet til eller l\u00f8per fra dem, vil de bare jage deg, og vokse seg st\u00f8rre. Men det er ikke alltid s\u00e5 enkelt \u00e5 st\u00e5 i alt dette helt p\u00e5 egen h\u00e5nd. F\u00f8r jeg l\u00e6rte meg verkt\u00f8yer jeg kunne bruke selv, ante jeg jo ikke hvordan i alle dager jeg skulle angripe mine egne ting. Det er ikke alltid enkelt \u00e5 lage handlingsplaner og bare gjennomf\u00f8re de, vite hvor man skal begynne, eller ha troen p\u00e5 seg selv hele vegen. Derfor kan det v\u00e6re greit \u00e5 ha en sparringspartner gjennom prosessen. En coach.<\/p>\n<\/div><\/div><\/div><\/div><\/div><div class=\"fusion-fullwidth fullwidth-box fusion-builder-row-5 fusion-flex-container has-pattern-background has-mask-background nonhundred-percent-fullwidth non-hundred-percent-height-scrolling\" style=\"--awb-border-radius-top-left:0px;--awb-border-radius-top-right:0px;--awb-border-radius-bottom-right:0px;--awb-border-radius-bottom-left:0px;--awb-padding-top:0px;--awb-padding-bottom:0px;--awb-margin-bottom:85px;--awb-flex-wrap:wrap;\" ><div class=\"fusion-builder-row fusion-row fusion-flex-align-items-flex-start fusion-flex-justify-content-center fusion-flex-content-wrap\" style=\"max-width:1248px;margin-left: calc(-4% \/ 2 );margin-right: calc(-4% \/ 2 );\"><div class=\"fusion-layout-column fusion_builder_column fusion-builder-column-7 fusion_builder_column_1_3 1_3 fusion-flex-column\" style=\"--awb-bg-size:cover;--awb-width-large:33.333333333333%;--awb-margin-top-large:0px;--awb-spacing-right-large:5.76%;--awb-margin-bottom-large:20px;--awb-spacing-left-large:5.76%;--awb-width-medium:33.333333333333%;--awb-order-medium:0;--awb-spacing-right-medium:5.76%;--awb-spacing-left-medium:5.76%;--awb-width-small:100%;--awb-order-small:0;--awb-spacing-right-small:1.92%;--awb-spacing-left-small:1.92%;\"><div class=\"fusion-column-wrapper fusion-column-has-shadow fusion-flex-justify-content-flex-start fusion-content-layout-column\"><div class=\"fusion-image-element \" style=\"--awb-caption-title-font-family:var(--h2_typography-font-family);--awb-caption-title-font-weight:var(--h2_typography-font-weight);--awb-caption-title-font-style:var(--h2_typography-font-style);--awb-caption-title-size:var(--h2_typography-font-size);--awb-caption-title-transform:var(--h2_typography-text-transform);--awb-caption-title-line-height:var(--h2_typography-line-height);--awb-caption-title-letter-spacing:var(--h2_typography-letter-spacing);\"><span class=\" fusion-imageframe imageframe-none imageframe-3 hover-type-none\"><img decoding=\"async\" width=\"1080\" height=\"1080\" title=\"Ikke pr\u00f8v a\u030a v\u00e6re perfekt &#8211; v\u00e6r heller en utmerket\" src=\"https:\/\/growthmentality.no\/wp-content\/uploads\/2024\/03\/Ikke-prov-a-vaere-perfekt-vaer-heller-en-utmerket.png\" data-orig-src=\"https:\/\/growthmentality.no\/wp-content\/uploads\/2024\/03\/Ikke-prov-a-vaere-perfekt-vaer-heller-en-utmerket.png\" alt class=\"lazyload img-responsive wp-image-5459\" srcset=\"data:image\/svg+xml,%3Csvg%20xmlns%3D%27http%3A%2F%2Fwww.w3.org%2F2000%2Fsvg%27%20width%3D%271080%27%20height%3D%271080%27%20viewBox%3D%270%200%201080%201080%27%3E%3Crect%20width%3D%271080%27%20height%3D%271080%27%20fill-opacity%3D%220%22%2F%3E%3C%2Fsvg%3E\" data-srcset=\"https:\/\/growthmentality.no\/wp-content\/uploads\/2024\/03\/Ikke-prov-a-vaere-perfekt-vaer-heller-en-utmerket-200x200.png 200w, https:\/\/growthmentality.no\/wp-content\/uploads\/2024\/03\/Ikke-prov-a-vaere-perfekt-vaer-heller-en-utmerket-400x400.png 400w, https:\/\/growthmentality.no\/wp-content\/uploads\/2024\/03\/Ikke-prov-a-vaere-perfekt-vaer-heller-en-utmerket-600x600.png 600w, https:\/\/growthmentality.no\/wp-content\/uploads\/2024\/03\/Ikke-prov-a-vaere-perfekt-vaer-heller-en-utmerket-800x800.png 800w, https:\/\/growthmentality.no\/wp-content\/uploads\/2024\/03\/Ikke-prov-a-vaere-perfekt-vaer-heller-en-utmerket.png 1080w\" data-sizes=\"auto\" data-orig-sizes=\"(max-width: 640px) 100vw, 400px\" \/><\/span><\/div><\/div><\/div><div class=\"fusion-layout-column fusion_builder_column fusion-builder-column-8 fusion_builder_column_2_3 2_3 fusion-flex-column\" style=\"--awb-bg-size:cover;--awb-width-large:66.666666666667%;--awb-margin-top-large:0px;--awb-spacing-right-large:2.88%;--awb-margin-bottom-large:20px;--awb-spacing-left-large:2.88%;--awb-width-medium:66.666666666667%;--awb-order-medium:0;--awb-spacing-right-medium:2.88%;--awb-spacing-left-medium:2.88%;--awb-width-small:100%;--awb-order-small:0;--awb-spacing-right-small:1.92%;--awb-spacing-left-small:1.92%;\"><div class=\"fusion-column-wrapper fusion-column-has-shadow fusion-flex-justify-content-flex-start fusion-content-layout-column\"><div class=\"fusion-text fusion-text-5\"><h3 class=\"fusion-responsive-typography-calculated\" style=\"text-align: center;\" data-fontsize=\"36\" data-lineheight=\"43.2px\">Hvorfor Coaching?<\/h3>\n<p>Coaching er tilrettelagt for nettop s\u00e5nne prosesser. En coach vil hjelpe deg til \u00e5 finne svarene selv. Og <i>det<\/i> har en kjempestor fordel. Det er nemlig bare du som <i>egentlig<\/i> kan vite hva som er viktig og riktig for deg. Det er ikke et universelt svar p\u00e5 hva som er meningen med livet. Hva som er meningsfullt for andre, eller gir en f\u00f8lelse av glede, eller oppleves utfordrende, er n\u00f8dvendigvis ikke det samme som for deg og omvendt. Du har dine egne verdier. Det samme med hva som skal til for at du kan utvikle deg eller hvordan du best l\u00e6rer noe. En coach kan hjelpe deg med hvordan du skal finne ut av dette, god refleksjon, fremgangsmetoder man kan bruke, m\u00e5lsetting og oppf\u00f8lging. En coach har kunnskap om motivasjon og tankegang, og vil gj\u00f8re det mye enklere \u00e5 komme deg dit du \u00f8nsker. Det er en person som kan utfordre dine tanker og f\u00f8lelser, s\u00e5 du kan f\u00e5 et bredere perspektiv. Det er viktig \u00e5 presisere at en coach ikke er en psykolog eller veileder. Heller en som fremmer det friske, og bruker positiv forsterkning for \u00e5 hjelpe deg dit du vil. En coach vil fokusere p\u00e5 muligheter og ressurser.<\/p>\n<p>Coaching bygger p\u00e5 en tro om at det som skal til for en l\u00e6reprosess er en verkt\u00f8ykasse, relevant metode og et positivt menneskesyn om at alle mennesker har og kan realisere sitt potensial. Vi har alle talenter og styrker, og har alle rett til \u00e5 leve et helhetlig og meningsfullt liv.<\/p>\n<\/div><\/div><\/div><\/div><\/div><\/p>\n","protected":false},"excerpt":{"rendered":"","protected":false},"author":1,"featured_media":0,"parent":0,"menu_order":0,"comment_status":"closed","ping_status":"closed","template":"100-width.php","meta":{"content-type":"","footnotes":""},"class_list":["post-5194","page","type-page","status-publish","hentry"],"_links":{"self":[{"href":"https:\/\/growthmentality.no\/index.php\/wp-json\/wp\/v2\/pages\/5194","targetHints":{"allow":["GET"]}}],"collection":[{"href":"https:\/\/growthmentality.no\/index.php\/wp-json\/wp\/v2\/pages"}],"about":[{"href":"https:\/\/growthmentality.no\/index.php\/wp-json\/wp\/v2\/types\/page"}],"author":[{"embeddable":true,"href":"https:\/\/growthmentality.no\/index.php\/wp-json\/wp\/v2\/users\/1"}],"replies":[{"embeddable":true,"href":"https:\/\/growthmentality.no\/index.php\/wp-json\/wp\/v2\/comments?post=5194"}],"version-history":[{"count":54,"href":"https:\/\/growthmentality.no\/index.php\/wp-json\/wp\/v2\/pages\/5194\/revisions"}],"predecessor-version":[{"id":5510,"href":"https:\/\/growthmentality.no\/index.php\/wp-json\/wp\/v2\/pages\/5194\/revisions\/5510"}],"wp:attachment":[{"href":"https:\/\/growthmentality.no\/index.php\/wp-json\/wp\/v2\/media?parent=5194"}],"curies":[{"name":"wp","href":"https:\/\/api.w.org\/{rel}","templated":true}]}}