{"id":17,"date":"2023-02-01T16:54:30","date_gmt":"2023-02-01T16:54:30","guid":{"rendered":"https:\/\/avadawebsites.wpengine.com\/life-coach\/?page_id=17"},"modified":"2024-03-26T18:19:45","modified_gmt":"2024-03-26T18:19:45","slug":"ommeg","status":"publish","type":"page","link":"https:\/\/growthmentality.no\/index.php\/ommeg\/","title":{"rendered":"Om Meg"},"content":{"rendered":"<div class=\"fusion-fullwidth fullwidth-box fusion-builder-row-1 fusion-flex-container has-pattern-background has-mask-background nonhundred-percent-fullwidth non-hundred-percent-height-scrolling\" style=\"--awb-border-radius-top-left:0px;--awb-border-radius-top-right:0px;--awb-border-radius-bottom-right:0px;--awb-border-radius-bottom-left:0px;--awb-padding-right:0px;--awb-padding-bottom:0px;--awb-padding-left:0px;--awb-margin-bottom:0px;--awb-background-color:var(--awb-color2);--awb-flex-wrap:wrap;\" ><div class=\"fusion-builder-row fusion-row fusion-flex-align-items-stretch fusion-flex-justify-content-center fusion-flex-content-wrap\" style=\"max-width:calc( 1200px + 0px );margin-left: calc(-0px \/ 2 );margin-right: calc(-0px \/ 2 );\"><div class=\"fusion-layout-column fusion_builder_column fusion-builder-column-0 fusion_builder_column_1_1 1_1 fusion-flex-column fusion-no-small-visibility fusion-no-medium-visibility fusion-animated\" style=\"--awb-padding-left:18%;--awb-padding-top-medium:75px;--awb-padding-bottom-medium:75px;--awb-padding-top-small:60px;--awb-padding-right-small:60px;--awb-padding-bottom-small:60px;--awb-padding-left-small:60px;--awb-bg-size:cover;--awb-border-color:hsla(var(--awb-color2-h),calc(var(--awb-color2-s) - 30%),calc(var(--awb-color2-l) - 10%),var(--awb-color2-a));--awb-border-top:1px;--awb-border-style:solid;--awb-width-large:100%;--awb-margin-top-large:0px;--awb-spacing-right-large:0px;--awb-margin-bottom-large:0px;--awb-spacing-left-large:0px;--awb-width-medium:100%;--awb-order-medium:0;--awb-spacing-right-medium:0px;--awb-spacing-left-medium:0px;--awb-width-small:100%;--awb-order-small:0;--awb-spacing-right-small:0px;--awb-spacing-left-small:0px;\" data-animationType=\"fadeInLeft\" data-animationDuration=\"0.6\" data-animationOffset=\"top-into-view\"><div class=\"fusion-column-wrapper fusion-column-has-shadow fusion-flex-justify-content-flex-start fusion-content-layout-column\"><div class=\"fusion-text fusion-text-1\" style=\"--awb-font-size:var(--awb-typography2-font-size);--awb-line-height:var(--awb-typography2-line-height);--awb-letter-spacing:var(--awb-typography2-letter-spacing);--awb-text-transform:var(--awb-typography2-text-transform);--awb-text-color:var(--awb-color5);--awb-text-font-family:var(--awb-typography2-font-family);--awb-text-font-weight:var(--awb-typography2-font-weight);--awb-text-font-style:var(--awb-typography2-font-style);\"><\/div><div class=\"fusion-title title fusion-title-1 fusion-sep-none fusion-title-text fusion-title-size-one\" style=\"--awb-margin-top:0px;--awb-margin-bottom:25px;--awb-margin-top-small:0px;\"><h1 class=\"fusion-title-heading title-heading-left\" style=\"margin:0;\"><div style=\"text-align: left;\"><span style=\"background-color: var(--awb-bg-color); color: var(--awb-text-color); font-family: var(--h1_typography-font-family); font-size: 1em; font-style: var(--h1_typography-font-style,normal); font-weight: var(--h1_typography-font-weight); letter-spacing: var(--h1_typography-letter-spacing); text-transform: var(--h1_typography-text-transform);\">Velferdsviter, sertifisert coach og mentaltrener<\/span><\/div><\/h1><\/div><div class=\"fusion-title title fusion-title-2 fusion-no-medium-visibility fusion-no-large-visibility fusion-sep-none fusion-title-text fusion-title-size-one\" style=\"--awb-margin-top:0px;--awb-margin-bottom:20px;--awb-margin-top-small:0px;--awb-font-size:40px;\"><h1 class=\"fusion-title-heading title-heading-left\" style=\"margin:0;font-size:1em;\">Your Journey to a Fulfilling Life<\/h1><\/div><div class=\"fusion-text fusion-text-2 fusion-text-no-margin\" style=\"--awb-text-color:var(--awb-color6);--awb-margin-right:15%;--awb-margin-bottom:40px;\"><p>Vi kan ikke alltid velge hva slags situasjoner livet setter oss i, men vi kan velge hva vi gj\u00f8r ut av det.<\/p>\n<p>Jeg har alltid v\u00e6rt interessert i mennesker. Hva som driver oss og hvorfor vi har behov for \u00e5 f\u00f8le en mening i livet. Hvilke faktorer som gj\u00f8r at vi har det bra eller ikke, eller presterer i noen situasjoner men ikke andre. Livet er en reise som fylles med mye forskjellig. Alle perspektiver som formes er unike, og alle handler ut ifra sitt eget. <span style=\"color: var(--awb-text-color); font-family: var(--awb-text-font-family); font-size: var(--awb-font-size); font-style: var(--awb-text-font-style); font-weight: var(--awb-text-font-weight); letter-spacing: var(--awb-letter-spacing); text-align: var(--awb-content-alignment); text-transform: var(--awb-text-transform); background-color: var(--awb-bg-color-hover);\">Som barn leste jeg utrolig mye b\u00f8ker. Fangende historier om mennesker og hendelser gjorde at jeg filosoferte mye over livet allerede den gang. <\/span><\/p>\n<p>Livet ble for meg som for de fleste andre, ikke fritt for utfordringer. B\u00e5de privat og i arbeid skulle det vise seg at uflaks og vanskelige hendelser meldte seg.<span style=\"color: var(--awb-text-color); font-family: var(--awb-text-font-family); font-size: var(--awb-font-size); font-style: var(--awb-text-font-style); font-weight: var(--awb-text-font-weight); letter-spacing: var(--awb-letter-spacing); text-align: var(--awb-content-alignment); text-transform: var(--awb-text-transform); background-color: var(--awb-bg-color-hover);\"> <\/span><span style=\"color: var(--awb-text-color); font-family: var(--awb-text-font-family); font-size: var(--awb-font-size); font-style: var(--awb-text-font-style); font-weight: var(--awb-text-font-weight); letter-spacing: var(--awb-letter-spacing); text-align: var(--awb-content-alignment); text-transform: var(--awb-text-transform); background-color: var(--awb-bg-color-hover);\">Jeg har opplevd hvordan det er \u00e5 v\u00e6re utslitt, utbrent og deprimert. Jeg har hatt perioder med mye stress og engstelige f\u00f8lelser, personlige opplevelser som opplevdes sv\u00e6rt krevende \u00e5 h\u00e5ndtere. Jeg har kjent p\u00e5 f\u00f8lelsen av \u00e5 bare g\u00e5 p\u00e5 veggen i alle ender, tross innsatsen for \u00e5 stable meg p\u00e5 beina. <\/span><span style=\"background-color: var(--awb-bg-color-hover); color: var(--awb-text-color); font-family: var(--awb-text-font-family); font-size: var(--awb-font-size); font-style: var(--awb-text-font-style); font-weight: var(--awb-text-font-weight); letter-spacing: var(--awb-letter-spacing); text-align: var(--awb-content-alignment); text-transform: var(--awb-text-transform);\">Det har v\u00e6rt oppturer ogs\u00e5, jeg har reist mye og opplevd mye fint. Jeg har alltid gjort en god innsats p\u00e5 jobb. Men det var alltid en liten f\u00f8lelse av \u00e5 aldri v\u00e6re helt fri. En litt d\u00e5rlig indre dialog l\u00e5 alltid p\u00e5 lur bakgrunnen. Tanker om \u00e5 ikke v\u00e6re bra nok, eller en liten f\u00f8lelse av meningsl\u00f8shet i livet. Det var f\u00f8rst da jeg bestemte meg for \u00e5 g\u00e5 all inn med mental trening at ting virkelig l\u00f8snet for meg. <\/span><\/p>\n<p><span style=\"background-color: var(--awb-bg-color-hover); color: var(--awb-text-color); font-family: var(--awb-text-font-family); font-size: var(--awb-font-size); font-style: var(--awb-text-font-style); font-weight: var(--awb-text-font-weight); letter-spacing: var(--awb-letter-spacing); text-align: var(--awb-content-alignment); text-transform: var(--awb-text-transform);\">Jeg <\/span><span style=\"background-color: var(--awb-bg-color-hover); color: var(--awb-text-color); font-family: var(--awb-text-font-family); font-size: var(--awb-font-size); font-weight: var(--awb-text-font-weight); letter-spacing: var(--awb-letter-spacing); text-align: var(--awb-content-alignment); text-transform: var(--awb-text-transform);\"><i>bestemte<\/i><\/span><span style=\"background-color: var(--awb-bg-color-hover); color: var(--awb-text-color); font-family: var(--awb-text-font-family); font-size: var(--awb-font-size); font-style: var(--awb-text-font-style); font-weight: var(--awb-text-font-weight); letter-spacing: var(--awb-letter-spacing); text-align: var(--awb-content-alignment); text-transform: var(--awb-text-transform);\"> meg for at det var nok en gang for alle. Den hverdagen jeg har n\u00e5 er som snudd p\u00e5 hodet i forhold. Jeg tror det er fordi uansett hvor mye jeg s\u00f8kte etter svar rundt meg, var det aldri noen som kunne gi meg en fasit p\u00e5 hva som skulle til for min del. Bare jeg kunne svare p\u00e5 hvorfor jeg f\u00f8lte meg som jeg gjorde. S\u00e5 da jeg virkelig gikk inn i meg selv og lette der, fant jeg svar bare jeg kunne gi meg selv. Jeg l\u00e6rte meg hvor utrolig mye vi ogs\u00e5 kan gj\u00f8re selv for \u00e5 f\u00f8le p\u00e5 glede, mening, mestring, frihet og motivasjon. Og at alt dette er som resultater, et biprodukt av handling. Vi tror ofte at det skal komme av seg selv. Men det er i virkeligheten noe vi skaper. Hjernen er designet for \u00e5 oppfatte fare, beskytte oss og s\u00f8rge for at vi overlever. Den liker derfor \u00e5 bevisstgj\u00f8re oss p\u00e5 situasjoner, tanker eller d\u00e5rlige erfaringer som potensielt kan skade oss, og skaper engstelige f\u00f8lelser, bekymringer og skam. Vi m\u00e5 bevisst gj\u00f8re en innsats for \u00e5 skape og f\u00f8le p\u00e5 alle de positive tingene. De er jo ikke noe hjernen oppfatter som farlig, s\u00e5 den gidder ikke \u00e5 bruke noe s\u00e6rlig ressurser p\u00e5 det. <\/span><\/p>\n<p><span style=\"color: var(--awb-text-color); font-family: var(--awb-text-font-family); font-size: var(--awb-font-size); font-style: var(--awb-text-font-style); font-weight: var(--awb-text-font-weight); letter-spacing: var(--awb-letter-spacing); text-align: var(--awb-content-alignment); text-transform: var(--awb-text-transform); background-color: var(--awb-bg-color-hover);\">Jeg har alts\u00e5 v\u00e6rt en person som kun har orket \u00e5 ligge p\u00e5 sofaen og sove fordi jeg var utslitt, men ogs\u00e5 en person som tok en bachelor med to jobber ved siden av. J<\/span><span style=\"color: var(--awb-text-color); font-family: var(--awb-text-font-family); font-size: var(--awb-font-size); font-style: var(--awb-text-font-style); font-weight: var(--awb-text-font-weight); letter-spacing: var(--awb-letter-spacing); text-align: var(--awb-content-alignment); text-transform: var(--awb-text-transform); background-color: var(--awb-bg-color-hover);\">eg har v\u00e6rt en person som elsket livet og hadde mange venner, men ogs\u00e5 en person som mistet alt sosialt liv fordi jeg ikke hadde kapasitet. En person som har prestert sv\u00e6rt bra i arbeid, men ogs\u00e5 sv\u00e6rt d\u00e5rlig. Hvordan vi har det b\u00e5de privat og i arbeid p\u00e5virker v\u00e5re evner i stor grad. <\/span><span style=\"color: var(--awb-text-color); font-family: var(--awb-text-font-family); font-size: var(--awb-font-size); font-style: var(--awb-text-font-style); font-weight: var(--awb-text-font-weight); letter-spacing: var(--awb-letter-spacing); text-align: var(--awb-content-alignment); text-transform: var(--awb-text-transform); background-color: var(--awb-bg-color-hover);\">Det er utrolig hva det kan gj\u00f8re \u00e5 bli ordentlig kjent med seg selv. P\u00e5 den m\u00e5ten kan man n\u00f8ste opp i det som <\/span><span style=\"color: var(--awb-text-color); font-family: var(--awb-text-font-family); font-size: var(--awb-font-size); font-style: var(--awb-text-font-style); font-weight: var(--awb-text-font-weight); letter-spacing: var(--awb-letter-spacing); text-align: var(--awb-content-alignment); text-transform: var(--awb-text-transform); background-color: var(--awb-bg-color-hover);\"><i>faktisk<\/i><\/span><span style=\"color: var(--awb-text-color); font-family: var(--awb-text-font-family); font-size: var(--awb-font-size); font-style: var(--awb-text-font-style); font-weight: var(--awb-text-font-weight); letter-spacing: var(--awb-letter-spacing); text-align: var(--awb-content-alignment); text-transform: var(--awb-text-transform); background-color: var(--awb-bg-color-hover);\"> er n\u00f8dvendig. Finne ut av hvilke ting som gir en p\u00e5fyll. Jeg kommer alltid til \u00e5 fortsette \u00e5 observere mine egne tanker og f\u00f8lelser, s\u00e5nn at jeg kan plukke ut det jeg vil ta med meg videre, og la resten g\u00e5. Det samme \u00f8nsker jeg \u00e5 hjelpe deg med.<\/span><\/p>\n<p>Etter \u00e5 ha s\u00f8kt i flere \u00e5r kom jeg endelig inn p\u00e5 h\u00f8yere utdanning i en alder av 28. Jeg tok min bachelorgrad i arbeids- og velferdsfag i Fredrikstad. Deretter min sertifisering som coach og mentaltrener p\u00e5 H\u00f8gskolen i Innlandet via Active Education.<\/p>\n<p><span style=\"color: var(--awb-text-color); font-family: var(--awb-text-font-family); font-size: var(--awb-font-size); font-style: var(--awb-text-font-style); font-weight: var(--awb-text-font-weight); letter-spacing: var(--awb-letter-spacing); text-align: var(--awb-content-alignment); text-transform: var(--awb-text-transform); background-color: var(--awb-bg-color-hover);\">Er det et gap mellom hva du fyller hverdagen med, og hva du \u00f8nsker \u00e5 fylle den med? Gir du opp n\u00e5r du pr\u00f8ver \u00e5 n\u00e5 m\u00e5l du har satt? Er du usikker p\u00e5 hva som egentlig gj\u00f8r at du bare overlever i stedet for \u00e5 virkelig leve? Jeg har v\u00e6rt der og jeg kan hjelpe deg. <\/span><\/p>\n<p>Janne<\/p>\n<\/div><\/div><\/div><div class=\"fusion-layout-column fusion_builder_column fusion-builder-column-1 fusion_builder_column_1_3 1_3 fusion-flex-column\" style=\"--awb-bg-size:cover;--awb-width-large:33.333333333333%;--awb-margin-top-large:0px;--awb-spacing-right-large:0px;--awb-margin-bottom-large:0px;--awb-spacing-left-large:0px;--awb-width-medium:33.333333333333%;--awb-order-medium:0;--awb-spacing-right-medium:0px;--awb-spacing-left-medium:0px;--awb-width-small:100%;--awb-order-small:0;--awb-spacing-right-small:0px;--awb-spacing-left-small:0px;\"><div class=\"fusion-column-wrapper fusion-column-has-shadow fusion-flex-justify-content-flex-start fusion-content-layout-column\"><div class=\"fusion-image-element \" style=\"--awb-caption-title-font-family:var(--h2_typography-font-family);--awb-caption-title-font-weight:var(--h2_typography-font-weight);--awb-caption-title-font-style:var(--h2_typography-font-style);--awb-caption-title-size:var(--h2_typography-font-size);--awb-caption-title-transform:var(--h2_typography-text-transform);--awb-caption-title-line-height:var(--h2_typography-line-height);--awb-caption-title-letter-spacing:var(--h2_typography-letter-spacing);\"><span class=\" fusion-imageframe imageframe-none imageframe-1 hover-type-none\" style=\"border:1px solid hsla(var(--awb-color2-h),calc(var(--awb-color2-s) - 60%),calc(var(--awb-color2-l) - 10%),var(--awb-color2-a));\"><img decoding=\"async\" width=\"727\" height=\"927\" title=\"IMG_8096\" src=\"https:\/\/growthmentality.no\/wp-content\/uploads\/2024\/03\/IMG_8096-e1709978647275.jpeg\" data-orig-src=\"https:\/\/growthmentality.no\/wp-content\/uploads\/2024\/03\/IMG_8096-e1709978647275.jpeg\" alt class=\"lazyload img-responsive wp-image-5395\" srcset=\"data:image\/svg+xml,%3Csvg%20xmlns%3D%27http%3A%2F%2Fwww.w3.org%2F2000%2Fsvg%27%20width%3D%27727%27%20height%3D%27927%27%20viewBox%3D%270%200%20727%20927%27%3E%3Crect%20width%3D%27727%27%20height%3D%27927%27%20fill-opacity%3D%220%22%2F%3E%3C%2Fsvg%3E\" data-srcset=\"https:\/\/growthmentality.no\/wp-content\/uploads\/2024\/03\/IMG_8096-e1709978647275-200x255.jpeg 200w, https:\/\/growthmentality.no\/wp-content\/uploads\/2024\/03\/IMG_8096-e1709978647275-400x510.jpeg 400w, https:\/\/growthmentality.no\/wp-content\/uploads\/2024\/03\/IMG_8096-e1709978647275-600x765.jpeg 600w, https:\/\/growthmentality.no\/wp-content\/uploads\/2024\/03\/IMG_8096-e1709978647275.jpeg 727w\" data-sizes=\"auto\" data-orig-sizes=\"(max-width: 640px) 100vw, 600px\" \/><\/span><\/div><\/div><\/div><div class=\"fusion-layout-column fusion_builder_column fusion-builder-column-2 fusion-flex-column fusion-no-large-visibility fusion-animated\" style=\"--awb-padding-top:110px;--awb-padding-right:110px;--awb-padding-bottom:110px;--awb-padding-left:20%;--awb-padding-top-medium:75px;--awb-padding-bottom-medium:75px;--awb-padding-top-small:60px;--awb-padding-right-small:60px;--awb-padding-bottom-small:60px;--awb-padding-left-small:60px;--awb-bg-color:var(--awb-color2);--awb-bg-color-hover:var(--awb-color2);--awb-bg-size:cover;--awb-border-color:hsla(var(--awb-color2-h),calc(var(--awb-color2-s) - 30%),calc(var(--awb-color2-l) - 10%),var(--awb-color2-a));--awb-border-top:1px;--awb-border-style:solid;--awb-width-large:45%;--awb-margin-top-large:0px;--awb-spacing-right-large:0px;--awb-margin-bottom-large:0px;--awb-spacing-left-large:0px;--awb-width-medium:100%;--awb-order-medium:2;--awb-spacing-right-medium:0px;--awb-spacing-left-medium:0px;--awb-width-small:100%;--awb-order-small:2;--awb-spacing-right-small:0px;--awb-spacing-left-small:0px;\" data-animationType=\"fadeInLeft\" data-animationDuration=\"0.6\" data-animationOffset=\"top-into-view\"><div class=\"fusion-column-wrapper fusion-column-has-shadow fusion-flex-justify-content-flex-start fusion-content-layout-column\"><div class=\"fusion-title title fusion-title-3 fusion-no-large-visibility fusion-sep-none fusion-title-text fusion-title-size-three\"><h3 class=\"fusion-title-heading title-heading-left\" style=\"margin:0;\">Velferdsviter, sertifisert coach og mentaltrener<\/h3><\/div><div class=\"fusion-text fusion-text-3\" style=\"--awb-font-size:var(--awb-typography2-font-size);--awb-line-height:var(--awb-typography2-line-height);--awb-letter-spacing:var(--awb-typography2-letter-spacing);--awb-text-transform:var(--awb-typography2-text-transform);--awb-text-color:var(--awb-color5);--awb-text-font-family:var(--awb-typography2-font-family);--awb-text-font-weight:var(--awb-typography2-font-weight);--awb-text-font-style:var(--awb-typography2-font-style);\"><p>Om meg<\/p>\n<\/div><div class=\"fusion-text fusion-text-4\" style=\"--awb-text-color:var(--awb-color6);\"><p>Vi kan ikke alltid velge hva slags situasjoner livet setter oss i, men vi kan velge hva vi gj\u00f8r ut av det.<\/p>\n<p>Jeg har alltid v\u00e6rt interessert i mennesker. Hva som driver oss og hvorfor vi har behov for \u00e5 f\u00f8le en mening i livet. Hvilke faktorer som gj\u00f8r at vi har det bra eller ikke, eller presterer i noen situasjoner men ikke andre. Livet er en reise som fylles med mye forskjellig. Alle perspektiver som formes er unike. Som barn leste jeg utrolig mye b\u00f8ker. Fangende historier om mennesker og hendelser gjorde at jeg filosoferte mye over livet allerede den gang.<\/p>\n<p>Livet ble for meg som for de fleste andre, ikke fritt for utfordringer. B\u00e5de privat og i arbeid skulle det vise seg at uflaks og vanskelige hendelser meldte seg. Min evne til \u00e5 h\u00e5ndtere disse tingene var ikke s\u00e5 god som jeg har innsett at den kunne v\u00e6rt. Misforst\u00e5 meg rett, det er fullt forst\u00e5elig at livet kan sl\u00e5 deg i bakken noen ganger. Min interesse innenfor personlig utvikling og viktigheten av m\u00e5ten vi tenker p\u00e5 \u00f8ke naturlig nok med dette. Vi lager ofte en antakelse av fremtiden basert p\u00e5 fortiden. Innenfor fysisk realistiske rammer er sannheten at fremtiden inneholder det vi selv bestemmer. Jeg sier ikke at alt magisk blir enkelt, men at det finnes en veg dit du vil. Den eneste faktoren som stopper deg er faktisk deg selv.<\/p>\n<p>Etter \u00e5 ha s\u00f8kt i flere \u00e5r kom jeg endelig inn p\u00e5 h\u00f8yere utdanning i en alder av 28. Jeg tok min bachelorgrad i arbeids- og velferdsfag i Fredrikstad. Deretter min sertifisering som coach og mentaltrener p\u00e5 H\u00f8gskolen i Innlandet via Active Education. Jeg har alts\u00e5 v\u00e6rt en person som kun har orket \u00e5 ligge p\u00e5 sofaen og sove, men ogs\u00e5 en person som tok en bachelor med to jobber ved siden av. Forskjellen? Mental trening. Jeg har v\u00e6rt en person som elsket livet og hadde mange venner, men ogs\u00e5 en person som mistet alt sosialt liv fordi jeg ikke hadde kapasitet. En person som har prestert sv\u00e6rt bra i arbeid, men ogs\u00e5 sv\u00e6rt d\u00e5rlig. Hvordan vi har det b\u00e5de privat og i arbeid p\u00e5virker v\u00e5re perspektiver og ulike evner i stor grad. Sp\u00f8rsm\u00e5let er om man gj\u00f8r noe med det.<\/p>\n<p>Er det et gap mellom hva du fyller hverdagen med, og hva du \u00f8nsker \u00e5 fylle den med? Gir du opp n\u00e5r du pr\u00f8ver \u00e5 n\u00e5 m\u00e5l du har satt? Er du usikker p\u00e5 hva som egentlig gj\u00f8r at du bare overlever i stedet for \u00e5 virkelig leve? Jeg har v\u00e6rt der og jeg kan hjelpe deg.<\/p>\n<p>Janne<\/p>\n<\/div><\/div><\/div><\/div><\/div>\n","protected":false},"excerpt":{"rendered":"","protected":false},"author":1,"featured_media":0,"parent":0,"menu_order":0,"comment_status":"closed","ping_status":"closed","template":"100-width.php","meta":{"content-type":"","footnotes":""},"class_list":["post-17","page","type-page","status-publish","hentry"],"_links":{"self":[{"href":"https:\/\/growthmentality.no\/index.php\/wp-json\/wp\/v2\/pages\/17","targetHints":{"allow":["GET"]}}],"collection":[{"href":"https:\/\/growthmentality.no\/index.php\/wp-json\/wp\/v2\/pages"}],"about":[{"href":"https:\/\/growthmentality.no\/index.php\/wp-json\/wp\/v2\/types\/page"}],"author":[{"embeddable":true,"href":"https:\/\/growthmentality.no\/index.php\/wp-json\/wp\/v2\/users\/1"}],"replies":[{"embeddable":true,"href":"https:\/\/growthmentality.no\/index.php\/wp-json\/wp\/v2\/comments?post=17"}],"version-history":[{"count":31,"href":"https:\/\/growthmentality.no\/index.php\/wp-json\/wp\/v2\/pages\/17\/revisions"}],"predecessor-version":[{"id":5513,"href":"https:\/\/growthmentality.no\/index.php\/wp-json\/wp\/v2\/pages\/17\/revisions\/5513"}],"wp:attachment":[{"href":"https:\/\/growthmentality.no\/index.php\/wp-json\/wp\/v2\/media?parent=17"}],"curies":[{"name":"wp","href":"https:\/\/api.w.org\/{rel}","templated":true}]}}